{"id":2,"date":"2026-03-13T16:57:00","date_gmt":"2026-03-13T16:57:00","guid":{"rendered":"https:\/\/lajoiaoliva.rkinformatika.online\/?page_id=2"},"modified":"2026-03-16T17:09:13","modified_gmt":"2026-03-16T17:09:13","slug":"inicio","status":"publish","type":"page","link":"https:\/\/lajoiaoliva.com\/en\/","title":{"rendered":"Home"},"content":{"rendered":"<div data-elementor-type=\"wp-page\" data-elementor-id=\"2\" class=\"elementor elementor-2\" data-elementor-post-type=\"page\">\n\t\t\t\t<div class=\"elementor-element elementor-element-1bd28ce e-flex e-con-boxed e-con e-parent\" data-id=\"1bd28ce\" data-element_type=\"container\" data-e-type=\"container\" data-settings=\"{&quot;background_background&quot;:&quot;classic&quot;}\">\n\t\t\t\t\t<div class=\"e-con-inner\">\n\t\t\t\t<div class=\"elementor-element elementor-element-81e5d99 elementor-widget elementor-widget-heading\" data-id=\"81e5d99\" data-element_type=\"widget\" data-e-type=\"widget\" data-widget_type=\"heading.default\">\n\t\t\t\t\t<h2 class=\"elementor-heading-title elementor-size-default\">La Joia...we love to enchant you<\/h2>\t\t\t\t<\/div>\n\t\t\t\t\t<\/div>\n\t\t\t\t<\/div>\n\t\t<div class=\"elementor-element elementor-element-307ef1b e-flex e-con-boxed e-con e-parent\" data-id=\"307ef1b\" data-element_type=\"container\" data-e-type=\"container\">\n\t\t\t\t\t<div class=\"e-con-inner\">\n\t\t<div class=\"elementor-element elementor-element-a074520 e-con-full e-flex e-con e-child\" data-id=\"a074520\" data-element_type=\"container\" data-e-type=\"container\">\n\t\t\t\t<div class=\"elementor-element elementor-element-0292d4e elementor-widget elementor-widget-heading\" data-id=\"0292d4e\" data-element_type=\"widget\" data-e-type=\"widget\" data-widget_type=\"heading.default\">\n\t\t\t\t\t<h2 class=\"elementor-heading-title elementor-size-default\">Who we are:<\/h2>\t\t\t\t<\/div>\n\t\t\t\t<div class=\"elementor-element elementor-element-bd29e76 elementor-widget elementor-widget-text-editor\" data-id=\"bd29e76\" data-element_type=\"widget\" data-e-type=\"widget\" data-widget_type=\"text-editor.default\">\n\t\t\t\t\t\t\t\t\t<p>At La Joia, we continue to dedicate ourselves with the same passion to offering jewelry and watches that accompany our customers' most special moments. In our store, you'll find a carefully curated selection of pieces for every occasion, from unique gifts to jewelry for weddings, communions, and other important celebrations, always with the personalized attention and expert advice that sets us apart.<\/p>\t\t\t\t\t\t\t\t<\/div>\n\t\t\t\t<\/div>\n\t\t<div class=\"elementor-element elementor-element-1023676 e-con-full e-flex e-con e-child\" data-id=\"1023676\" data-element_type=\"container\" data-e-type=\"container\">\n\t\t\t\t<div class=\"elementor-element elementor-element-98e4ba8 elementor-invisible elementor-widget elementor-widget-image\" data-id=\"98e4ba8\" data-element_type=\"widget\" data-e-type=\"widget\" data-settings=\"{&quot;_animation&quot;:&quot;fadeIn&quot;}\" data-widget_type=\"image.default\">\n\t\t\t\t\t\t\t\t\t\t\t\t\t\t\t<img fetchpriority=\"high\" decoding=\"async\" width=\"800\" height=\"733\" src=\"https:\/\/lajoiaoliva.com\/wp-content\/uploads\/2026\/03\/Imagen-pegada.png\" class=\"attachment-large size-large wp-image-126\" alt=\"\" srcset=\"https:\/\/lajoiaoliva.com\/wp-content\/uploads\/2026\/03\/Imagen-pegada.png 837w, https:\/\/lajoiaoliva.com\/wp-content\/uploads\/2026\/03\/Imagen-pegada-300x275.png 300w, https:\/\/lajoiaoliva.com\/wp-content\/uploads\/2026\/03\/Imagen-pegada-768x704.png 768w, https:\/\/lajoiaoliva.com\/wp-content\/uploads\/2026\/03\/Imagen-pegada-13x12.png 13w\" sizes=\"(max-width: 800px) 100vw, 800px\" \/>\t\t\t\t\t\t\t\t\t\t\t\t\t\t\t<\/div>\n\t\t\t\t<\/div>\n\t\t\t\t\t<\/div>\n\t\t\t\t<\/div>\n\t\t<div class=\"elementor-element elementor-element-920b873 e-flex e-con-boxed e-con e-parent\" data-id=\"920b873\" data-element_type=\"container\" data-e-type=\"container\">\n\t\t\t\t\t<div class=\"e-con-inner\">\n\t\t<div class=\"elementor-element elementor-element-42af8a6 e-con-full e-flex e-con e-child\" data-id=\"42af8a6\" data-element_type=\"container\" data-e-type=\"container\">\n\t\t\t\t<div class=\"elementor-element elementor-element-6fb2808 elementor-widget elementor-widget-heading\" data-id=\"6fb2808\" data-element_type=\"widget\" data-e-type=\"widget\" data-widget_type=\"heading.default\">\n\t\t\t\t\t<h2 class=\"elementor-heading-title elementor-size-default\">Our origins:<\/h2>\t\t\t\t<\/div>\n\t\t\t\t<div class=\"elementor-element elementor-element-b25f16c elementor-widget elementor-widget-text-editor\" data-id=\"b25f16c\" data-element_type=\"widget\" data-e-type=\"widget\" data-widget_type=\"text-editor.default\">\n\t\t\t\t\t\t\t\t\t<p>This story began over 50 years ago in Oliva, when Emilio Garc\u00eda opened a small watchmaking and jewelry workshop driven by his passion for craftsmanship. Over time, that small family business grew and evolved, always maintaining a love for the trade and attention to detail\u2014values \u200b\u200bthat remain the essence of La Joia today.<\/p>\t\t\t\t\t\t\t\t<\/div>\n\t\t\t\t<\/div>\n\t\t<div class=\"elementor-element elementor-element-f3e3f45 e-con-full e-flex elementor-invisible e-con e-child\" data-id=\"f3e3f45\" data-element_type=\"container\" data-e-type=\"container\" data-settings=\"{&quot;animation&quot;:&quot;fadeIn&quot;}\">\n\t\t\t\t<div class=\"elementor-element elementor-element-680fddc elementor-widget elementor-widget-image\" data-id=\"680fddc\" data-element_type=\"widget\" data-e-type=\"widget\" data-widget_type=\"image.default\">\n\t\t\t\t\t\t\t\t\t\t\t\t\t\t\t<img decoding=\"async\" width=\"800\" height=\"800\" src=\"https:\/\/lajoiaoliva.com\/wp-content\/uploads\/2026\/03\/105887-1024x1024.jpg\" class=\"attachment-large size-large wp-image-134\" alt=\"\" srcset=\"https:\/\/lajoiaoliva.com\/wp-content\/uploads\/2026\/03\/105887-1024x1024.jpg 1024w, https:\/\/lajoiaoliva.com\/wp-content\/uploads\/2026\/03\/105887-300x300.jpg 300w, https:\/\/lajoiaoliva.com\/wp-content\/uploads\/2026\/03\/105887-150x150.jpg 150w, https:\/\/lajoiaoliva.com\/wp-content\/uploads\/2026\/03\/105887-768x768.jpg 768w, https:\/\/lajoiaoliva.com\/wp-content\/uploads\/2026\/03\/105887-12x12.jpg 12w, https:\/\/lajoiaoliva.com\/wp-content\/uploads\/2026\/03\/105887.jpg 1500w\" sizes=\"(max-width: 800px) 100vw, 800px\" \/>\t\t\t\t\t\t\t\t\t\t\t\t\t\t\t<\/div>\n\t\t\t\t<\/div>\n\t\t\t\t\t<\/div>\n\t\t\t\t<\/div>\n\t\t<div class=\"elementor-element elementor-element-21fdf79 e-flex e-con-boxed e-con e-parent\" data-id=\"21fdf79\" data-element_type=\"container\" data-e-type=\"container\" data-settings=\"{&quot;background_background&quot;:&quot;classic&quot;}\">\n\t\t\t\t\t<div class=\"e-con-inner\">\n\t\t\t\t<div class=\"elementor-element elementor-element-cd34a3c elementor-widget elementor-widget-heading\" data-id=\"cd34a3c\" data-element_type=\"widget\" data-e-type=\"widget\" data-widget_type=\"heading.default\">\n\t\t\t\t\t<h2 class=\"elementor-heading-title elementor-size-default\">Come and discover our products:<\/h2>\t\t\t\t<\/div>\n\t\t\t\t<div class=\"elementor-element elementor-element-e646684 elementor-align-center elementor-widget elementor-widget-button\" data-id=\"e646684\" data-element_type=\"widget\" data-e-type=\"widget\" data-widget_type=\"button.default\">\n\t\t\t\t\t\t\t\t\t\t<a class=\"elementor-button elementor-button-link elementor-size-sm elementor-animation-grow\" href=\"\/en\/productos\/\">\n\t\t\t\t\t\t<span class=\"elementor-button-content-wrapper\">\n\t\t\t\t\t\t<span class=\"elementor-button-icon\">\n\t\t\t\t<svg aria-hidden=\"true\" class=\"e-font-icon-svg e-far-hand-point-right\" viewbox=\"0 0 512 512\" xmlns=\"http:\/\/www.w3.org\/2000\/svg\"><path d=\"M428.8 137.6h-86.177a115.52 115.52 0 0 0 2.176-22.4c0-47.914-35.072-83.2-92-83.2-45.314 0-57.002 48.537-75.707 78.784-7.735 12.413-16.994 23.317-25.851 33.253l-.131.146-.129.148C135.662 161.807 127.764 168 120.8 168h-2.679c-5.747-4.952-13.536-8-22.12-8H32c-17.673 0-32 12.894-32 28.8v230.4C0 435.106 14.327 448 32 448h64c8.584 0 16.373-3.048 22.12-8h2.679c28.688 0 67.137 40 127.2 40h21.299c62.542 0 98.8-38.658 99.94-91.145 12.482-17.813 18.491-40.785 15.985-62.791A93.148 93.148 0 0 0 393.152 304H428.8c45.435 0 83.2-37.584 83.2-83.2 0-45.099-38.101-83.2-83.2-83.2zm0 118.4h-91.026c12.837 14.669 14.415 42.825-4.95 61.05 11.227 19.646 1.687 45.624-12.925 53.625 6.524 39.128-10.076 61.325-50.6 61.325H248c-45.491 0-77.21-35.913-120-39.676V215.571c25.239-2.964 42.966-21.222 59.075-39.596 11.275-12.65 21.725-25.3 30.799-39.875C232.355 112.712 244.006 80 252.8 80c23.375 0 44 8.8 44 35.2 0 35.2-26.4 53.075-26.4 70.4h158.4c18.425 0 35.2 16.5 35.2 35.2 0 18.975-16.225 35.2-35.2 35.2zM88 384c0 13.255-10.745 24-24 24s-24-10.745-24-24 10.745-24 24-24 24 10.745 24 24z\"><\/path><\/svg>\t\t\t<\/span>\n\t\t\t\t\t\t\t\t\t<span class=\"elementor-button-text\">Services<\/span>\n\t\t\t\t\t<\/span>\n\t\t\t\t\t<\/a>\n\t\t\t\t\t\t\t\t<\/div>\n\t\t\t\t\t<\/div>\n\t\t\t\t<\/div>\n\t\t\t\t<\/div>","protected":false},"excerpt":{"rendered":"<p>La Joia&#8230;.nos encanta encantarte Quienes somos: En La Joia seguimos dedic\u00e1ndonos con la misma pasi\u00f3n a ofrecer joyas y relojes que acompa\u00f1an los momentos m\u00e1s especiales de nuestros clientes. En nuestra tienda encontrar\u00e1s una cuidada selecci\u00f3n de piezas para cada ocasi\u00f3n, desde regalos \u00fanicos hasta joyas para bodas, comuniones y celebraciones importantes, siempre con la [&hellip;]<\/p>\n","protected":false},"author":1,"featured_media":0,"parent":0,"menu_order":0,"comment_status":"closed","ping_status":"closed","template":"elementor_canvas","meta":{"footnotes":""},"class_list":["post-2","page","type-page","status-publish","hentry"],"yoast_head":"<!-- This site is optimized with the Yoast SEO plugin v27.4 - https:\/\/yoast.com\/product\/yoast-seo-wordpress\/ -->\n<title>Inicio - La Joia<\/title>\n<meta name=\"robots\" content=\"index, follow, max-snippet:-1, max-image-preview:large, max-video-preview:-1\" \/>\n<link rel=\"canonical\" href=\"https:\/\/lajoiaoliva.com\/en\/\" \/>\n<meta property=\"og:locale\" content=\"en_GB\" \/>\n<meta property=\"og:type\" content=\"article\" \/>\n<meta property=\"og:title\" content=\"Inicio - La Joia\" \/>\n<meta property=\"og:description\" content=\"La Joia&#8230;.nos encanta encantarte Quienes somos: En La Joia seguimos dedic\u00e1ndonos con la misma pasi\u00f3n a ofrecer joyas y relojes que acompa\u00f1an los momentos m\u00e1s especiales de nuestros clientes. En nuestra tienda encontrar\u00e1s una cuidada selecci\u00f3n de piezas para cada ocasi\u00f3n, desde regalos \u00fanicos hasta joyas para bodas, comuniones y celebraciones importantes, siempre con la [&hellip;]\" \/>\n<meta property=\"og:url\" content=\"https:\/\/lajoiaoliva.com\/en\/\" \/>\n<meta property=\"og:site_name\" content=\"La Joia\" \/>\n<meta property=\"article:modified_time\" content=\"2026-03-16T17:09:13+00:00\" \/>\n<meta property=\"og:image\" content=\"https:\/\/lajoiaoliva.com\/wp-content\/uploads\/2026\/03\/Imagen-pegada.png\" \/>\n<meta name=\"twitter:card\" content=\"summary_large_image\" \/>\n<meta name=\"twitter:label1\" content=\"Estimated reading time\" \/>\n\t<meta name=\"twitter:data1\" content=\"1 minute\" \/>\n<script type=\"application\/ld+json\" class=\"yoast-schema-graph\">{\"@context\":\"https:\\\/\\\/schema.org\",\"@graph\":[{\"@type\":\"WebPage\",\"@id\":\"https:\\\/\\\/lajoiaoliva.com\\\/\",\"url\":\"https:\\\/\\\/lajoiaoliva.com\\\/\",\"name\":\"Inicio - La Joia\",\"isPartOf\":{\"@id\":\"https:\\\/\\\/lajoiaoliva.com\\\/#website\"},\"primaryImageOfPage\":{\"@id\":\"https:\\\/\\\/lajoiaoliva.com\\\/#primaryimage\"},\"image\":{\"@id\":\"https:\\\/\\\/lajoiaoliva.com\\\/#primaryimage\"},\"thumbnailUrl\":\"https:\\\/\\\/lajoiaoliva.com\\\/wp-content\\\/uploads\\\/2026\\\/03\\\/Imagen-pegada.png\",\"datePublished\":\"2026-03-13T16:57:00+00:00\",\"dateModified\":\"2026-03-16T17:09:13+00:00\",\"breadcrumb\":{\"@id\":\"https:\\\/\\\/lajoiaoliva.com\\\/#breadcrumb\"},\"inLanguage\":\"en-GB\",\"potentialAction\":[{\"@type\":\"ReadAction\",\"target\":[\"https:\\\/\\\/lajoiaoliva.com\\\/\"]}]},{\"@type\":\"ImageObject\",\"inLanguage\":\"en-GB\",\"@id\":\"https:\\\/\\\/lajoiaoliva.com\\\/#primaryimage\",\"url\":\"https:\\\/\\\/lajoiaoliva.com\\\/wp-content\\\/uploads\\\/2026\\\/03\\\/Imagen-pegada.png\",\"contentUrl\":\"https:\\\/\\\/lajoiaoliva.com\\\/wp-content\\\/uploads\\\/2026\\\/03\\\/Imagen-pegada.png\"},{\"@type\":\"BreadcrumbList\",\"@id\":\"https:\\\/\\\/lajoiaoliva.com\\\/#breadcrumb\",\"itemListElement\":[{\"@type\":\"ListItem\",\"position\":1,\"name\":\"Portada\",\"item\":\"https:\\\/\\\/lajoiaoliva.com\\\/\"},{\"@type\":\"ListItem\",\"position\":2,\"name\":\"Inicio\"}]},{\"@type\":\"WebSite\",\"@id\":\"https:\\\/\\\/lajoiaoliva.com\\\/#website\",\"url\":\"https:\\\/\\\/lajoiaoliva.com\\\/\",\"name\":\"La Joia\",\"description\":\"Joyeria en Carretera de Gabriel C\u00edscar, Oliva, Valencia \\\/ +34 645 539 827\",\"publisher\":{\"@id\":\"https:\\\/\\\/lajoiaoliva.com\\\/#organization\"},\"potentialAction\":[{\"@type\":\"SearchAction\",\"target\":{\"@type\":\"EntryPoint\",\"urlTemplate\":\"https:\\\/\\\/lajoiaoliva.com\\\/?s={search_term_string}\"},\"query-input\":{\"@type\":\"PropertyValueSpecification\",\"valueRequired\":true,\"valueName\":\"search_term_string\"}}],\"inLanguage\":\"en-GB\"},{\"@type\":\"Organization\",\"@id\":\"https:\\\/\\\/lajoiaoliva.com\\\/#organization\",\"name\":\"La Joia\",\"url\":\"https:\\\/\\\/lajoiaoliva.com\\\/\",\"logo\":{\"@type\":\"ImageObject\",\"inLanguage\":\"en-GB\",\"@id\":\"https:\\\/\\\/lajoiaoliva.com\\\/#\\\/schema\\\/logo\\\/image\\\/\",\"url\":\"https:\\\/\\\/lajoiaoliva.com\\\/wp-content\\\/uploads\\\/2026\\\/03\\\/Diseno-sin-titulo-1.png\",\"contentUrl\":\"https:\\\/\\\/lajoiaoliva.com\\\/wp-content\\\/uploads\\\/2026\\\/03\\\/Diseno-sin-titulo-1.png\",\"width\":1080,\"height\":600,\"caption\":\"La Joia\"},\"image\":{\"@id\":\"https:\\\/\\\/lajoiaoliva.com\\\/#\\\/schema\\\/logo\\\/image\\\/\"}}]}<\/script>\n<!-- \/ Yoast SEO plugin. -->","yoast_head_json":{"title":"Inicio - La Joia","robots":{"index":"index","follow":"follow","max-snippet":"max-snippet:-1","max-image-preview":"max-image-preview:large","max-video-preview":"max-video-preview:-1"},"canonical":"https:\/\/lajoiaoliva.com\/en\/","og_locale":"en_GB","og_type":"article","og_title":"Inicio - La Joia","og_description":"La Joia&#8230;.nos encanta encantarte Quienes somos: En La Joia seguimos dedic\u00e1ndonos con la misma pasi\u00f3n a ofrecer joyas y relojes que acompa\u00f1an los momentos m\u00e1s especiales de nuestros clientes. En nuestra tienda encontrar\u00e1s una cuidada selecci\u00f3n de piezas para cada ocasi\u00f3n, desde regalos \u00fanicos hasta joyas para bodas, comuniones y celebraciones importantes, siempre con la [&hellip;]","og_url":"https:\/\/lajoiaoliva.com\/en\/","og_site_name":"La Joia","article_modified_time":"2026-03-16T17:09:13+00:00","og_image":[{"url":"https:\/\/lajoiaoliva.com\/wp-content\/uploads\/2026\/03\/Imagen-pegada.png","type":"","width":"","height":""}],"twitter_card":"summary_large_image","twitter_misc":{"Estimated reading time":"1 minute"},"schema":{"@context":"https:\/\/schema.org","@graph":[{"@type":"WebPage","@id":"https:\/\/lajoiaoliva.com\/","url":"https:\/\/lajoiaoliva.com\/","name":"Inicio - La Joia","isPartOf":{"@id":"https:\/\/lajoiaoliva.com\/#website"},"primaryImageOfPage":{"@id":"https:\/\/lajoiaoliva.com\/#primaryimage"},"image":{"@id":"https:\/\/lajoiaoliva.com\/#primaryimage"},"thumbnailUrl":"https:\/\/lajoiaoliva.com\/wp-content\/uploads\/2026\/03\/Imagen-pegada.png","datePublished":"2026-03-13T16:57:00+00:00","dateModified":"2026-03-16T17:09:13+00:00","breadcrumb":{"@id":"https:\/\/lajoiaoliva.com\/#breadcrumb"},"inLanguage":"en-GB","potentialAction":[{"@type":"ReadAction","target":["https:\/\/lajoiaoliva.com\/"]}]},{"@type":"ImageObject","inLanguage":"en-GB","@id":"https:\/\/lajoiaoliva.com\/#primaryimage","url":"https:\/\/lajoiaoliva.com\/wp-content\/uploads\/2026\/03\/Imagen-pegada.png","contentUrl":"https:\/\/lajoiaoliva.com\/wp-content\/uploads\/2026\/03\/Imagen-pegada.png"},{"@type":"BreadcrumbList","@id":"https:\/\/lajoiaoliva.com\/#breadcrumb","itemListElement":[{"@type":"ListItem","position":1,"name":"Portada","item":"https:\/\/lajoiaoliva.com\/"},{"@type":"ListItem","position":2,"name":"Inicio"}]},{"@type":"WebSite","@id":"https:\/\/lajoiaoliva.com\/#website","url":"https:\/\/lajoiaoliva.com\/","name":"La Joia","description":"Joyeria en Carretera de Gabriel C\u00edscar, Oliva, Valencia \/ +34 645 539 827","publisher":{"@id":"https:\/\/lajoiaoliva.com\/#organization"},"potentialAction":[{"@type":"SearchAction","target":{"@type":"EntryPoint","urlTemplate":"https:\/\/lajoiaoliva.com\/?s={search_term_string}"},"query-input":{"@type":"PropertyValueSpecification","valueRequired":true,"valueName":"search_term_string"}}],"inLanguage":"en-GB"},{"@type":"Organization","@id":"https:\/\/lajoiaoliva.com\/#organization","name":"La Joia","url":"https:\/\/lajoiaoliva.com\/","logo":{"@type":"ImageObject","inLanguage":"en-GB","@id":"https:\/\/lajoiaoliva.com\/#\/schema\/logo\/image\/","url":"https:\/\/lajoiaoliva.com\/wp-content\/uploads\/2026\/03\/Diseno-sin-titulo-1.png","contentUrl":"https:\/\/lajoiaoliva.com\/wp-content\/uploads\/2026\/03\/Diseno-sin-titulo-1.png","width":1080,"height":600,"caption":"La Joia"},"image":{"@id":"https:\/\/lajoiaoliva.com\/#\/schema\/logo\/image\/"}}]}},"_links":{"self":[{"href":"https:\/\/lajoiaoliva.com\/en\/wp-json\/wp\/v2\/pages\/2","targetHints":{"allow":["GET"]}}],"collection":[{"href":"https:\/\/lajoiaoliva.com\/en\/wp-json\/wp\/v2\/pages"}],"about":[{"href":"https:\/\/lajoiaoliva.com\/en\/wp-json\/wp\/v2\/types\/page"}],"author":[{"embeddable":true,"href":"https:\/\/lajoiaoliva.com\/en\/wp-json\/wp\/v2\/users\/1"}],"replies":[{"embeddable":true,"href":"https:\/\/lajoiaoliva.com\/en\/wp-json\/wp\/v2\/comments?post=2"}],"version-history":[{"count":73,"href":"https:\/\/lajoiaoliva.com\/en\/wp-json\/wp\/v2\/pages\/2\/revisions"}],"predecessor-version":[{"id":300,"href":"https:\/\/lajoiaoliva.com\/en\/wp-json\/wp\/v2\/pages\/2\/revisions\/300"}],"wp:attachment":[{"href":"https:\/\/lajoiaoliva.com\/en\/wp-json\/wp\/v2\/media?parent=2"}],"curies":[{"name":"wp","href":"https:\/\/api.w.org\/{rel}","templated":true}]}}