{"id":9,"date":"2026-03-16T09:19:27","date_gmt":"2026-03-16T09:19:27","guid":{"rendered":"https:\/\/lajoiaoliva.rkinformatika.online\/?page_id=9"},"modified":"2026-03-20T16:55:40","modified_gmt":"2026-03-20T16:55:40","slug":"contacto","status":"publish","type":"page","link":"https:\/\/lajoiaoliva.com\/en\/contacto\/","title":{"rendered":"Contact"},"content":{"rendered":"\t\t<div data-elementor-type=\"wp-page\" data-elementor-id=\"9\" class=\"elementor elementor-9\" data-elementor-post-type=\"page\">\n\t\t\t\t<div class=\"elementor-element elementor-element-ac1d124 e-flex e-con-boxed e-con e-parent\" data-id=\"ac1d124\" data-element_type=\"container\" data-e-type=\"container\" data-settings=\"{&quot;background_background&quot;:&quot;classic&quot;}\">\n\t\t\t\t\t<div class=\"e-con-inner\">\n\t\t\t\t<div class=\"elementor-element elementor-element-0de4fe2 elementor-widget elementor-widget-heading\" data-id=\"0de4fe2\" data-element_type=\"widget\" data-e-type=\"widget\" data-widget_type=\"heading.default\">\n\t\t\t\t\t<h2 class=\"elementor-heading-title elementor-size-default\">La Joia<\/h2>\t\t\t\t<\/div>\n\t\t\t\t<div class=\"elementor-element elementor-element-308149a elementor-widget elementor-widget-text-editor\" data-id=\"308149a\" data-element_type=\"widget\" data-e-type=\"widget\" data-widget_type=\"text-editor.default\">\n\t\t\t\t\t\t\t\t\t<p>Danos la oportunidad de encantarte.<\/p>\t\t\t\t\t\t\t\t<\/div>\n\t\t\t\t\t<\/div>\n\t\t\t\t<\/div>\n\t\t<div class=\"elementor-element elementor-element-84b1741 e-flex e-con-boxed e-con e-parent\" data-id=\"84b1741\" data-element_type=\"container\" data-e-type=\"container\">\n\t\t\t\t\t<div class=\"e-con-inner\">\n\t\t<div class=\"elementor-element elementor-element-eab0c03 e-con-full e-flex e-con e-child\" data-id=\"eab0c03\" data-element_type=\"container\" data-e-type=\"container\" data-settings=\"{&quot;background_background&quot;:&quot;classic&quot;}\">\n\t\t\t\t<div class=\"elementor-element elementor-element-379b3d5 elementor-widget elementor-widget-heading\" data-id=\"379b3d5\" data-element_type=\"widget\" data-e-type=\"widget\" data-widget_type=\"heading.default\">\n\t\t\t\t\t<h2 class=\"elementor-heading-title elementor-size-default\">\u00bfTienes alguna consulta? Estamos aqu\u00ed para ayudarte.<\/h2>\t\t\t\t<\/div>\n\t\t\t\t<div class=\"elementor-element elementor-element-3d2e51d elementor-widget elementor-widget-text-editor\" data-id=\"3d2e51d\" data-element_type=\"widget\" data-e-type=\"widget\" data-widget_type=\"text-editor.default\">\n\t\t\t\t\t\t\t\t\t<p>Completa el formulario y te contactaremos muy pronto.<\/p>\t\t\t\t\t\t\t\t<\/div>\n\t\t\t\t<div class=\"elementor-element elementor-element-1512b5e elementor-button-align-start elementor-widget__width-initial elementor-widget elementor-widget-form\" data-id=\"1512b5e\" data-element_type=\"widget\" data-e-type=\"widget\" data-settings=\"{&quot;button_width&quot;:&quot;50&quot;,&quot;step_next_label&quot;:&quot;Next&quot;,&quot;step_previous_label&quot;:&quot;Previous&quot;,&quot;step_type&quot;:&quot;number_text&quot;,&quot;step_icon_shape&quot;:&quot;circle&quot;}\" data-widget_type=\"form.default\">\n\t\t\t\t\t\t\t<form class=\"elementor-form\" method=\"post\" name=\"Contacto ContactoPage\" aria-label=\"Contacto ContactoPage\">\n\t\t\t<input type=\"hidden\" name=\"post_id\" value=\"9\"\/>\n\t\t\t<input type=\"hidden\" name=\"form_id\" value=\"1512b5e\"\/>\n\t\t\t<input type=\"hidden\" name=\"referer_title\" value=\"Contacto - La Joia\" \/>\n\n\t\t\t\t\t\t\t<input type=\"hidden\" name=\"queried_id\" value=\"9\"\/>\n\t\t\t\n\t\t\t<div class=\"elementor-form-fields-wrapper elementor-labels-\">\n\t\t\t\t\t\t\t\t<div class=\"elementor-field-type-text elementor-field-group elementor-column elementor-field-group-name elementor-col-100 elementor-field-required\">\n\t\t\t\t\t\t\t\t\t\t\t\t<label for=\"form-field-name\" class=\"elementor-field-label elementor-screen-only\">\n\t\t\t\t\t\t\t\tName\t\t\t\t\t\t\t<\/label>\n\t\t\t\t\t\t\t\t\t\t\t\t\t\t<input size=\"1\" type=\"text\" name=\"form_fields[name]\" id=\"form-field-name\" class=\"elementor-field elementor-size-sm  elementor-field-textual\" placeholder=\"Nombre\" required=\"required\">\n\t\t\t\t\t\t\t\t\t\t\t<\/div>\n\t\t\t\t\t\t\t\t<div class=\"elementor-field-type-email elementor-field-group elementor-column elementor-field-group-email elementor-col-33 elementor-field-required\">\n\t\t\t\t\t\t\t\t\t\t\t\t<label for=\"form-field-email\" class=\"elementor-field-label elementor-screen-only\">\n\t\t\t\t\t\t\t\tEmail\t\t\t\t\t\t\t<\/label>\n\t\t\t\t\t\t\t\t\t\t\t\t\t\t<input size=\"1\" type=\"email\" name=\"form_fields[email]\" id=\"form-field-email\" class=\"elementor-field elementor-size-sm  elementor-field-textual\" placeholder=\"Email\" required=\"required\">\n\t\t\t\t\t\t\t\t\t\t\t<\/div>\n\t\t\t\t\t\t\t\t<div class=\"elementor-field-type-tel elementor-field-group elementor-column elementor-field-group-movil elementor-col-33 elementor-field-required\">\n\t\t\t\t\t\t\t\t\t\t\t\t<label for=\"form-field-movil\" class=\"elementor-field-label elementor-screen-only\">\n\t\t\t\t\t\t\t\tM\u00f3vil\t\t\t\t\t\t\t<\/label>\n\t\t\t\t\t\t\t\t<input size=\"1\" type=\"tel\" name=\"form_fields[movil]\" id=\"form-field-movil\" class=\"elementor-field elementor-size-sm  elementor-field-textual\" placeholder=\"M\u00f3vil\" required=\"required\" pattern=\"[0-9()#&amp;+*-=.]+\" title=\"Solo se aceptan n\u00fameros y caracteres de tel\u00e9fono (#,-,*,etc).\">\n\n\t\t\t\t\t\t<\/div>\n\t\t\t\t\t\t\t\t<div class=\"elementor-field-type-text elementor-field-group elementor-column elementor-field-group-field_176c31e elementor-col-33 elementor-field-required\">\n\t\t\t\t\t\t\t\t\t\t\t\t<label for=\"form-field-field_176c31e\" class=\"elementor-field-label elementor-screen-only\">\n\t\t\t\t\t\t\t\tTema\t\t\t\t\t\t\t<\/label>\n\t\t\t\t\t\t\t\t\t\t\t\t\t\t<input size=\"1\" type=\"text\" name=\"form_fields[field_176c31e]\" id=\"form-field-field_176c31e\" class=\"elementor-field elementor-size-sm  elementor-field-textual\" placeholder=\"Tema\" required=\"required\">\n\t\t\t\t\t\t\t\t\t\t\t<\/div>\n\t\t\t\t\t\t\t\t<div class=\"elementor-field-type-textarea elementor-field-group elementor-column elementor-field-group-field_5d08d9b elementor-col-100 elementor-field-required\">\n\t\t\t\t\t\t\t\t\t\t\t\t<label for=\"form-field-field_5d08d9b\" class=\"elementor-field-label elementor-screen-only\">\n\t\t\t\t\t\t\t\tMensaje\t\t\t\t\t\t\t<\/label>\n\t\t\t\t\t\t<textarea class=\"elementor-field-textual elementor-field  elementor-size-sm\" name=\"form_fields[field_5d08d9b]\" id=\"form-field-field_5d08d9b\" rows=\"4\" placeholder=\"Mensaje\" required=\"required\"><\/textarea>\t\t\t\t<\/div>\n\t\t\t\t\t\t\t\t<div class=\"elementor-field-type-checkbox elementor-field-group elementor-column elementor-field-group-field_5de6374 elementor-col-100\">\n\t\t\t\t\t\t\t\t\t\t\t\t<label for=\"form-field-field_5de6374\" class=\"elementor-field-label elementor-screen-only\">\n\t\t\t\t\t\t\t\tHe Le\u00eddo \t\t\t\t\t\t\t<\/label>\n\t\t\t\t\t\t<div class=\"elementor-field-subgroup  \"><span class=\"elementor-field-option\"><input type=\"checkbox\" value=\"He le\u00eddo y acepto la Politica de Privacidad\" id=\"form-field-field_5de6374-0\" name=\"form_fields[field_5de6374]\"> <label for=\"form-field-field_5de6374-0\">He le\u00eddo y acepto la Politica de Privacidad<\/label><\/span><\/div>\t\t\t\t<\/div>\n\t\t\t\t\t\t\t\t<div class=\"elementor-field-type-html elementor-field-group elementor-column elementor-field-group-field_3c2297f elementor-col-100\">\n\t\t\t\t\t<a href=\"\/politicas-de-cookies\"\n   onclick=\"window.open(this.href,'privacidad','width=800,height=600'); return false;\"\n   style=\"text-decoration: none;\">\nVer Pol\u00edtica de Privacidad\n<\/a>\t\t\t\t<\/div>\n\t\t\t\t\t\t\t\t<div class=\"elementor-field-type-recaptcha_v3 elementor-field-group elementor-column elementor-field-group-field_9e00c78 elementor-col-100 recaptcha_v3-bottomright\">\n\t\t\t\t\t<div class=\"elementor-field\" id=\"form-field-field_9e00c78\"><div class=\"elementor-g-recaptcha\" data-sitekey=\"6LeCcYksAAAAABBJzlH0qQHguZFRY36ncukoZYoI\" data-type=\"v3\" data-action=\"Form\" data-badge=\"bottomright\" data-size=\"invisible\"><\/div><\/div>\t\t\t\t<\/div>\n\t\t\t\t\t\t\t\t<div class=\"elementor-field-group elementor-column elementor-field-type-submit elementor-col-50 e-form__buttons\">\n\t\t\t\t\t<button class=\"elementor-button elementor-size-sm\" type=\"submit\">\n\t\t\t\t\t\t<span class=\"elementor-button-content-wrapper\">\n\t\t\t\t\t\t\t\t\t\t\t\t\t\t\t<span class=\"elementor-button-icon\">\n\t\t\t\t\t\t\t\t\t<svg aria-hidden=\"true\" class=\"e-font-icon-svg e-fas-paper-plane\" viewBox=\"0 0 512 512\" xmlns=\"http:\/\/www.w3.org\/2000\/svg\"><path d=\"M476 3.2L12.5 270.6c-18.1 10.4-15.8 35.6 2.2 43.2L121 358.4l287.3-253.2c5.5-4.9 13.3 2.6 8.6 8.3L176 407v80.5c0 23.6 28.5 32.9 42.5 15.8L282 426l124.6 52.2c14.2 6 30.4-2.9 33-18.2l72-432C515 7.8 493.3-6.8 476 3.2z\"><\/path><\/svg>\t\t\t\t\t\t\t\t\t\t\t\t\t\t\t\t\t<\/span>\n\t\t\t\t\t\t\t\t\t\t\t\t\t\t\t\t\t\t\t\t\t\t<span class=\"elementor-button-text\">Enviar<\/span>\n\t\t\t\t\t\t\t\t\t\t\t\t\t<\/span>\n\t\t\t\t\t<\/button>\n\t\t\t\t<\/div>\n\t\t\t<\/div>\n\t\t<\/form>\n\t\t\t\t\t\t<\/div>\n\t\t\t\t<\/div>\n\t\t<div class=\"elementor-element elementor-element-edfcf3e e-con-full animated-slow e-flex elementor-invisible e-con e-child\" data-id=\"edfcf3e\" data-element_type=\"container\" data-e-type=\"container\" data-settings=\"{&quot;background_background&quot;:&quot;classic&quot;,&quot;animation&quot;:&quot;fadeInLeft&quot;}\">\n\t\t\t\t<div class=\"elementor-element elementor-element-d187c00 elementor-widget__width-inherit elementor-widget elementor-widget-heading\" data-id=\"d187c00\" data-element_type=\"widget\" data-e-type=\"widget\" data-widget_type=\"heading.default\">\n\t\t\t\t\t<h2 class=\"elementor-heading-title elementor-size-default\">Informaci\u00f3n General<\/h2>\t\t\t\t<\/div>\n\t\t\t\t<div class=\"elementor-element elementor-element-23db9e8 elementor-widget__width-inherit elementor-widget elementor-widget-heading\" data-id=\"23db9e8\" data-element_type=\"widget\" data-e-type=\"widget\" data-widget_type=\"heading.default\">\n\t\t\t\t\t<h2 class=\"elementor-heading-title elementor-size-default\">Tel\u00e9fono<\/h2>\t\t\t\t<\/div>\n\t\t\t\t<div class=\"elementor-element elementor-element-f491b23 elementor-widget elementor-widget-heading\" data-id=\"f491b23\" data-element_type=\"widget\" data-e-type=\"widget\" data-widget_type=\"heading.default\">\n\t\t\t\t\t<h2 class=\"elementor-heading-title elementor-size-default\"> +34 645 539 827<\/h2>\t\t\t\t<\/div>\n\t\t\t\t<div class=\"elementor-element elementor-element-c3dc5c6 elementor-widget-divider--view-line elementor-widget elementor-widget-divider\" data-id=\"c3dc5c6\" data-element_type=\"widget\" data-e-type=\"widget\" data-widget_type=\"divider.default\">\n\t\t\t\t\t\t\t<div class=\"elementor-divider\">\n\t\t\t<span class=\"elementor-divider-separator\">\n\t\t\t\t\t\t<\/span>\n\t\t<\/div>\n\t\t\t\t\t\t<\/div>\n\t\t\t\t<div class=\"elementor-element elementor-element-8bdaef9 elementor-widget__width-inherit elementor-widget elementor-widget-heading\" data-id=\"8bdaef9\" data-element_type=\"widget\" data-e-type=\"widget\" data-widget_type=\"heading.default\">\n\t\t\t\t\t<h2 class=\"elementor-heading-title elementor-size-default\">Email<\/h2>\t\t\t\t<\/div>\n\t\t\t\t<div class=\"elementor-element elementor-element-9025c43 elementor-widget elementor-widget-heading\" data-id=\"9025c43\" data-element_type=\"widget\" data-e-type=\"widget\" data-widget_type=\"heading.default\">\n\t\t\t\t\t<h2 class=\"elementor-heading-title elementor-size-default\"><a href=\"mailto:%20info@lajoiaoliva.com\">info@lajoiaoliva.com<\/a><\/h2>\t\t\t\t<\/div>\n\t\t\t\t<div class=\"elementor-element elementor-element-b838109 elementor-widget-divider--view-line elementor-widget elementor-widget-divider\" data-id=\"b838109\" data-element_type=\"widget\" data-e-type=\"widget\" data-widget_type=\"divider.default\">\n\t\t\t\t\t\t\t<div class=\"elementor-divider\">\n\t\t\t<span class=\"elementor-divider-separator\">\n\t\t\t\t\t\t<\/span>\n\t\t<\/div>\n\t\t\t\t\t\t<\/div>\n\t\t\t\t<div class=\"elementor-element elementor-element-025ccd2 elementor-widget__width-inherit elementor-widget elementor-widget-heading\" data-id=\"025ccd2\" data-element_type=\"widget\" data-e-type=\"widget\" data-widget_type=\"heading.default\">\n\t\t\t\t\t<h2 class=\"elementor-heading-title elementor-size-default\">Direcci\u00f3n<\/h2>\t\t\t\t<\/div>\n\t\t\t\t<div class=\"elementor-element elementor-element-af2af72 elementor-widget elementor-widget-heading\" data-id=\"af2af72\" data-element_type=\"widget\" data-e-type=\"widget\" data-widget_type=\"heading.default\">\n\t\t\t\t\t<h2 class=\"elementor-heading-title elementor-size-default\">Carretera de Gabriel C\u00edscar, 60, 46780 Oliva, Valencia<\/h2>\t\t\t\t<\/div>\n\t\t\t\t<div class=\"elementor-element elementor-element-6874cc4 elementor-widget-divider--view-line elementor-widget elementor-widget-divider\" data-id=\"6874cc4\" data-element_type=\"widget\" data-e-type=\"widget\" data-widget_type=\"divider.default\">\n\t\t\t\t\t\t\t<div class=\"elementor-divider\">\n\t\t\t<span class=\"elementor-divider-separator\">\n\t\t\t\t\t\t<\/span>\n\t\t<\/div>\n\t\t\t\t\t\t<\/div>\n\t\t\t\t<div class=\"elementor-element elementor-element-5769b93 elementor-widget__width-inherit elementor-widget elementor-widget-heading\" data-id=\"5769b93\" data-element_type=\"widget\" data-e-type=\"widget\" data-widget_type=\"heading.default\">\n\t\t\t\t\t<h2 class=\"elementor-heading-title elementor-size-default\">Horario<\/h2>\t\t\t\t<\/div>\n\t\t\t\t<div class=\"elementor-element elementor-element-2b29228 elementor-widget elementor-widget-heading\" data-id=\"2b29228\" data-element_type=\"widget\" data-e-type=\"widget\" data-widget_type=\"heading.default\">\n\t\t\t\t\t<h2 class=\"elementor-heading-title elementor-size-default\">LUNES-VIERNES \n10.00H - 13.30H\n<br>LUNES-MI\u00c9RCOLES-VIERNES \n17.00H - 20.00H \n<br>MARTES Y JUEVES \nTARDES CERRADO\n<br>S\u00c1BADO \n10.30H 13.30H <\/h2>\t\t\t\t<\/div>\n\t\t\t\t<\/div>\n\t\t\t\t\t<\/div>\n\t\t\t\t<\/div>\n\t\t<div class=\"elementor-element elementor-element-6e58149 e-con-full e-flex e-con e-parent\" data-id=\"6e58149\" data-element_type=\"container\" data-e-type=\"container\">\n\t\t\t\t<div class=\"elementor-element elementor-element-38a129c elementor-widget elementor-widget-google_maps\" data-id=\"38a129c\" data-element_type=\"widget\" data-e-type=\"widget\" data-widget_type=\"google_maps.default\">\n\t\t\t\t\t\t\t<div class=\"elementor-custom-embed\">\n\t\t\t<iframe loading=\"lazy\"\n\t\t\t\t\tsrc=\"https:\/\/maps.google.com\/maps?q=%20Joyer%C3%ADa%20La%20Joia%20Carretera%20de%20Gabriel%20C%C3%ADscar%2C%2060%2C%2046780%20Oliva%2C%20Valencia&#038;t=m&#038;z=12&#038;output=embed&#038;iwloc=near\"\n\t\t\t\t\ttitle=\" Joyer\u00eda La Joia Carretera de Gabriel C\u00edscar, 60, 46780 Oliva, Valencia\"\n\t\t\t\t\taria-label=\" Joyer\u00eda La Joia Carretera de Gabriel C\u00edscar, 60, 46780 Oliva, Valencia\"\n\t\t\t><\/iframe>\n\t\t<\/div>\n\t\t\t\t\t\t<\/div>\n\t\t\t\t<\/div>\n\t\t\t\t<\/div>\n\t\t","protected":false},"excerpt":{"rendered":"<p>La Joia Danos la oportunidad de encantarte. \u00bfTienes alguna consulta? Estamos aqu\u00ed para ayudarte. Completa el formulario y te contactaremos muy pronto. Informaci\u00f3n General Tel\u00e9fono +34 645 539 827 Email info@lajoiaoliva.com Direcci\u00f3n Carretera de Gabriel C\u00edscar, 60, 46780 Oliva, Valencia Horario LUNES-VIERNES 10.00H &#8211; 13.30H LUNES-MI\u00c9RCOLES-VIERNES 17.00H &#8211; 20.00H MARTES Y JUEVES TARDES CERRADO S\u00c1BADO [&hellip;]<\/p>\n","protected":false},"author":1,"featured_media":0,"parent":0,"menu_order":0,"comment_status":"closed","ping_status":"closed","template":"elementor_canvas","meta":{"footnotes":""},"class_list":["post-9","page","type-page","status-publish","hentry"],"yoast_head":"<!-- This site is optimized with the Yoast SEO plugin v27.4 - https:\/\/yoast.com\/product\/yoast-seo-wordpress\/ -->\n<title>Contacto - La Joia<\/title>\n<meta name=\"robots\" content=\"index, follow, max-snippet:-1, max-image-preview:large, max-video-preview:-1\" \/>\n<link rel=\"canonical\" href=\"https:\/\/lajoiaoliva.com\/en\/contacto\/\" \/>\n<meta property=\"og:locale\" content=\"en_GB\" \/>\n<meta property=\"og:type\" content=\"article\" \/>\n<meta property=\"og:title\" content=\"Contacto - La Joia\" \/>\n<meta property=\"og:description\" content=\"La Joia Danos la oportunidad de encantarte. \u00bfTienes alguna consulta? Estamos aqu\u00ed para ayudarte. Completa el formulario y te contactaremos muy pronto. Informaci\u00f3n General Tel\u00e9fono +34 645 539 827 Email info@lajoiaoliva.com Direcci\u00f3n Carretera de Gabriel C\u00edscar, 60, 46780 Oliva, Valencia Horario LUNES-VIERNES 10.00H &#8211; 13.30H LUNES-MI\u00c9RCOLES-VIERNES 17.00H &#8211; 20.00H MARTES Y JUEVES TARDES CERRADO S\u00c1BADO [&hellip;]\" \/>\n<meta property=\"og:url\" content=\"https:\/\/lajoiaoliva.com\/en\/contacto\/\" \/>\n<meta property=\"og:site_name\" content=\"La Joia\" \/>\n<meta property=\"article:modified_time\" content=\"2026-03-20T16:55:40+00:00\" \/>\n<meta name=\"twitter:card\" content=\"summary_large_image\" \/>\n<meta name=\"twitter:label1\" content=\"Estimated reading time\" \/>\n\t<meta name=\"twitter:data1\" content=\"1 minute\" \/>\n<script type=\"application\/ld+json\" class=\"yoast-schema-graph\">{\"@context\":\"https:\\\/\\\/schema.org\",\"@graph\":[{\"@type\":\"WebPage\",\"@id\":\"https:\\\/\\\/lajoiaoliva.com\\\/contacto\\\/\",\"url\":\"https:\\\/\\\/lajoiaoliva.com\\\/contacto\\\/\",\"name\":\"Contacto - La Joia\",\"isPartOf\":{\"@id\":\"https:\\\/\\\/lajoiaoliva.com\\\/#website\"},\"datePublished\":\"2026-03-16T09:19:27+00:00\",\"dateModified\":\"2026-03-20T16:55:40+00:00\",\"breadcrumb\":{\"@id\":\"https:\\\/\\\/lajoiaoliva.com\\\/contacto\\\/#breadcrumb\"},\"inLanguage\":\"en-GB\",\"potentialAction\":[{\"@type\":\"ReadAction\",\"target\":[\"https:\\\/\\\/lajoiaoliva.com\\\/contacto\\\/\"]}]},{\"@type\":\"BreadcrumbList\",\"@id\":\"https:\\\/\\\/lajoiaoliva.com\\\/contacto\\\/#breadcrumb\",\"itemListElement\":[{\"@type\":\"ListItem\",\"position\":1,\"name\":\"Portada\",\"item\":\"https:\\\/\\\/lajoiaoliva.com\\\/\"},{\"@type\":\"ListItem\",\"position\":2,\"name\":\"Contacto\"}]},{\"@type\":\"WebSite\",\"@id\":\"https:\\\/\\\/lajoiaoliva.com\\\/#website\",\"url\":\"https:\\\/\\\/lajoiaoliva.com\\\/\",\"name\":\"La Joia\",\"description\":\"Joyeria en Carretera de Gabriel C\u00edscar, Oliva, Valencia \\\/ +34 645 539 827\",\"publisher\":{\"@id\":\"https:\\\/\\\/lajoiaoliva.com\\\/#organization\"},\"potentialAction\":[{\"@type\":\"SearchAction\",\"target\":{\"@type\":\"EntryPoint\",\"urlTemplate\":\"https:\\\/\\\/lajoiaoliva.com\\\/?s={search_term_string}\"},\"query-input\":{\"@type\":\"PropertyValueSpecification\",\"valueRequired\":true,\"valueName\":\"search_term_string\"}}],\"inLanguage\":\"en-GB\"},{\"@type\":\"Organization\",\"@id\":\"https:\\\/\\\/lajoiaoliva.com\\\/#organization\",\"name\":\"La Joia\",\"url\":\"https:\\\/\\\/lajoiaoliva.com\\\/\",\"logo\":{\"@type\":\"ImageObject\",\"inLanguage\":\"en-GB\",\"@id\":\"https:\\\/\\\/lajoiaoliva.com\\\/#\\\/schema\\\/logo\\\/image\\\/\",\"url\":\"https:\\\/\\\/lajoiaoliva.com\\\/wp-content\\\/uploads\\\/2026\\\/03\\\/Diseno-sin-titulo-1.png\",\"contentUrl\":\"https:\\\/\\\/lajoiaoliva.com\\\/wp-content\\\/uploads\\\/2026\\\/03\\\/Diseno-sin-titulo-1.png\",\"width\":1080,\"height\":600,\"caption\":\"La Joia\"},\"image\":{\"@id\":\"https:\\\/\\\/lajoiaoliva.com\\\/#\\\/schema\\\/logo\\\/image\\\/\"}}]}<\/script>\n<!-- \/ Yoast SEO plugin. -->","yoast_head_json":{"title":"Contacto - La Joia","robots":{"index":"index","follow":"follow","max-snippet":"max-snippet:-1","max-image-preview":"max-image-preview:large","max-video-preview":"max-video-preview:-1"},"canonical":"https:\/\/lajoiaoliva.com\/en\/contacto\/","og_locale":"en_GB","og_type":"article","og_title":"Contacto - La Joia","og_description":"La Joia Danos la oportunidad de encantarte. \u00bfTienes alguna consulta? Estamos aqu\u00ed para ayudarte. Completa el formulario y te contactaremos muy pronto. Informaci\u00f3n General Tel\u00e9fono +34 645 539 827 Email info@lajoiaoliva.com Direcci\u00f3n Carretera de Gabriel C\u00edscar, 60, 46780 Oliva, Valencia Horario LUNES-VIERNES 10.00H &#8211; 13.30H LUNES-MI\u00c9RCOLES-VIERNES 17.00H &#8211; 20.00H MARTES Y JUEVES TARDES CERRADO S\u00c1BADO [&hellip;]","og_url":"https:\/\/lajoiaoliva.com\/en\/contacto\/","og_site_name":"La Joia","article_modified_time":"2026-03-20T16:55:40+00:00","twitter_card":"summary_large_image","twitter_misc":{"Estimated reading time":"1 minute"},"schema":{"@context":"https:\/\/schema.org","@graph":[{"@type":"WebPage","@id":"https:\/\/lajoiaoliva.com\/contacto\/","url":"https:\/\/lajoiaoliva.com\/contacto\/","name":"Contacto - La Joia","isPartOf":{"@id":"https:\/\/lajoiaoliva.com\/#website"},"datePublished":"2026-03-16T09:19:27+00:00","dateModified":"2026-03-20T16:55:40+00:00","breadcrumb":{"@id":"https:\/\/lajoiaoliva.com\/contacto\/#breadcrumb"},"inLanguage":"en-GB","potentialAction":[{"@type":"ReadAction","target":["https:\/\/lajoiaoliva.com\/contacto\/"]}]},{"@type":"BreadcrumbList","@id":"https:\/\/lajoiaoliva.com\/contacto\/#breadcrumb","itemListElement":[{"@type":"ListItem","position":1,"name":"Portada","item":"https:\/\/lajoiaoliva.com\/"},{"@type":"ListItem","position":2,"name":"Contacto"}]},{"@type":"WebSite","@id":"https:\/\/lajoiaoliva.com\/#website","url":"https:\/\/lajoiaoliva.com\/","name":"La Joia","description":"Joyeria en Carretera de Gabriel C\u00edscar, Oliva, Valencia \/ +34 645 539 827","publisher":{"@id":"https:\/\/lajoiaoliva.com\/#organization"},"potentialAction":[{"@type":"SearchAction","target":{"@type":"EntryPoint","urlTemplate":"https:\/\/lajoiaoliva.com\/?s={search_term_string}"},"query-input":{"@type":"PropertyValueSpecification","valueRequired":true,"valueName":"search_term_string"}}],"inLanguage":"en-GB"},{"@type":"Organization","@id":"https:\/\/lajoiaoliva.com\/#organization","name":"La Joia","url":"https:\/\/lajoiaoliva.com\/","logo":{"@type":"ImageObject","inLanguage":"en-GB","@id":"https:\/\/lajoiaoliva.com\/#\/schema\/logo\/image\/","url":"https:\/\/lajoiaoliva.com\/wp-content\/uploads\/2026\/03\/Diseno-sin-titulo-1.png","contentUrl":"https:\/\/lajoiaoliva.com\/wp-content\/uploads\/2026\/03\/Diseno-sin-titulo-1.png","width":1080,"height":600,"caption":"La Joia"},"image":{"@id":"https:\/\/lajoiaoliva.com\/#\/schema\/logo\/image\/"}}]}},"_links":{"self":[{"href":"https:\/\/lajoiaoliva.com\/en\/wp-json\/wp\/v2\/pages\/9","targetHints":{"allow":["GET"]}}],"collection":[{"href":"https:\/\/lajoiaoliva.com\/en\/wp-json\/wp\/v2\/pages"}],"about":[{"href":"https:\/\/lajoiaoliva.com\/en\/wp-json\/wp\/v2\/types\/page"}],"author":[{"embeddable":true,"href":"https:\/\/lajoiaoliva.com\/en\/wp-json\/wp\/v2\/users\/1"}],"replies":[{"embeddable":true,"href":"https:\/\/lajoiaoliva.com\/en\/wp-json\/wp\/v2\/comments?post=9"}],"version-history":[{"count":31,"href":"https:\/\/lajoiaoliva.com\/en\/wp-json\/wp\/v2\/pages\/9\/revisions"}],"predecessor-version":[{"id":331,"href":"https:\/\/lajoiaoliva.com\/en\/wp-json\/wp\/v2\/pages\/9\/revisions\/331"}],"wp:attachment":[{"href":"https:\/\/lajoiaoliva.com\/en\/wp-json\/wp\/v2\/media?parent=9"}],"curies":[{"name":"wp","href":"https:\/\/api.w.org\/{rel}","templated":true}]}}